{"id":4437,"date":"2018-09-03T14:23:35","date_gmt":"2018-09-03T12:23:35","guid":{"rendered":"https:\/\/cortijoelalamo.com\/availability-and-reservations\/"},"modified":"2026-03-01T22:32:57","modified_gmt":"2026-03-01T20:32:57","slug":"search-availability","status":"publish","type":"page","link":"https:\/\/cortijoelalamo.com\/en\/search-availability\/","title":{"rendered":"Availability and Reservations"},"content":{"rendered":"<div class=\"wpb-content-wrapper\"><p>[vc_row full_width=&#8221;stretch_row&#8221; full_height=&#8221;yes&#8221; columns_placement=&#8221;top&#8221; parallax=&#8221;content-moving&#8221; parallax_image=&#8221;3190&#8243; bottom_arrow=&#8221;on&#8221; bottom_arrow_color=&#8221;#ffffff&#8221; hue=&#8221;#ff0000&#8243; css=&#8221;.vc_custom_1762895364466{margin-top: 0px !important;margin-bottom: 0px !important;padding-top: 200px !important;padding-bottom: 0px !important;}&#8221;][vc_column column_use_custom_typography_align=&#8221;center&#8221;]<div id=\"type_writer_data_1\" class=\"ozy-typing-box-wrapper heading-font\"><span class=\"typing-box\" \r\n\t\t\tdata-path=\"type_writer_data_1\" \r\n\t\t\tdata-typespeed=\"100\" \r\n\t\t\tdata-startdelay=\"0\" \r\n\t\t\tdata-backspeed=\"0\" \r\n\t\t\tdata-backdelay=\"1500\" \r\n\t\t\tdata-loop=\"true\"><\/span><\/div>[vc_empty_space height=&#8221;250px&#8221;]<div id=\"availability_search-2\" style=\"--bg-color:rgba(0,0,0,0.7)\" class=\"homepage-widget-area container  floating-box bottom\"><div class=\"mphb_sc_search-wrapper widget_mphb_search_availability_widget\"><form method=\"GET\" class=\"mphb_sc_search-form\" action=\"https:\/\/cortijoelalamo.com\/en\/search-results\/\" data-first_available_check_in_date=\"2026-04-19\">\n\n\t<p class = \"mphb-required-fields-tip\">\n\t<small>\n\t\tRequired fields are followed by\t\t<abbr title=\"required\">*<\/abbr>\n\t<\/small>\n<\/p>\n\n\t<p class=\"mphb_sc_search-check-in-date\">\n\t\t<label for=\"mphb_check_in_date-mphb-search-form-69e3753b95816\">\n\t\t\tCheck-in\t\t\t<abbr title=\"Formatted as dd\/mm\/yyyy\">*<\/abbr>\n\t\t<\/label>\n\t\t<input\n\t\t\tid=\"mphb_check_in_date-mphb-search-form-69e3753b95816\"\n\t\t\tdata-datepick-group=\"mphb-search-form-69e3753b95816\"\n\t\t\tvalue=\"18\/04\/2026\"\n\t\t\tplaceholder=\"Check-in Date\"\n\t\t\trequired=\"required\"\n\t\t\ttype=\"text\"\n\t\t\tname=\"mphb_check_in_date\"\n\t\t\tclass=\"mphb-datepick\"\n\t\t\tautocomplete=\"off\"\n\t\t\t\/>\n\t<\/p>\n\n\t<p class=\"mphb_sc_search-check-out-date\">\n\t\t<label for=\"mphb_check_out_date-mphb-search-form-69e3753b95816\">\n\t\t\tCheck-out\t\t\t<abbr title=\"Formatted as dd\/mm\/yyyy\">*<\/abbr>\n\t\t<\/label>\n\t\t<input\n\t\t\tid=\"mphb_check_out_date-mphb-search-form-69e3753b95816\"\n\t\t\tdata-datepick-group=\"mphb-search-form-69e3753b95816\"\n\t\t\tvalue=\"19\/04\/2026\"\n\t\t\tplaceholder=\"Check-out Date\"\n\t\t\trequired=\"required\"\n\t\t\ttype=\"text\"\n\t\t\tname=\"mphb_check_out_date\"\n\t\t\tclass=\"mphb-datepick\"\n\t\t\tautocomplete=\"off\"\n\t\t\t\/>\n\t<\/p>\n\n\t\t\t<p class=\"mphb_sc_search-adults\">\n\t\t\t<label for=\"mphb_adults-mphb-search-form-69e3753b95816\">\n\t\t\t\tGuests\t\t\t<\/label>\n\t\t\t<span><span>-<\/span><input type=\"number\" id=\"mphb_adults-mphb-search-form-69e3753b95816\" name=\"mphb_adults\" value=\"1\" min=\"1\" max=\"25\"\/><span>+<\/span><\/span>\n\t\t<\/p>\n\t\n\t\t\t<input type=\"hidden\" id=\"mphb_children-mphb-search-form-69e3753b95816\" name=\"mphb_children\" value=\"0\" \/>\n\t\n\t\n\t\n\t<input id=\"mphb_check_in_date-mphb-search-form-69e3753b95816-hidden\" value=\"2026-04-18\" type=\"hidden\" name=\"mphb_check_in_date\" \/><input id=\"mphb_check_out_date-mphb-search-form-69e3753b95816-hidden\" value=\"2026-04-19\" type=\"hidden\" name=\"mphb_check_out_date\" \/>\n\t<p class=\"mphb_sc_search-submit-button-wrapper\">\n\t\t<input type=\"submit\" class=\"button\" value=\"CHECK AVAILABILITY\"\/>\n\t<\/p>\n\n\t\n<\/form>\n<\/div><\/div>[\/vc_column][\/vc_row][vc_row css=&#8221;.vc_custom_1542998812268{margin-top: 40px !important;padding-bottom: 40px !important;}&#8221;][vc_column]<div id=\"two_column_room_listing-3\" class=\"page-template-page-rooms mphb_sc_rooms-wrapper mphb-room-types \"><div class=\"mphb_sc_rooms-wrapper mphb-room-types \">\n<div class=\"mphb-room-type post-2678 mphb_room_type type-mphb_room_type status-publish has-post-thumbnail has_thumb  mphb-room-type-adults-25 mphb-room-type-children-0\">\n\n\t\n\t\n\n\t<p class=\"post-thumbnail mphb-loop-room-thumbnail\">\n\t<a href=\"https:\/\/cortijoelalamo.com\/en\/accommodation\/cortijo-el-alamo-ii\/\">\n\t<img loading=\"lazy\" decoding=\"async\" width=\"1920\" height=\"1080\" src=\"https:\/\/cortijoelalamo.com\/wp-content\/uploads\/2025\/11\/Cortijo_El_alamo2_cocina.jpg\" class=\"attachment-post-thumbnail size-post-thumbnail wp-post-image\" alt=\"\" srcset=\"https:\/\/cortijoelalamo.com\/wp-content\/uploads\/2025\/11\/Cortijo_El_alamo2_cocina.jpg 1920w, https:\/\/cortijoelalamo.com\/wp-content\/uploads\/2025\/11\/Cortijo_El_alamo2_cocina-300x169.jpg 300w, https:\/\/cortijoelalamo.com\/wp-content\/uploads\/2025\/11\/Cortijo_El_alamo2_cocina-1024x576.jpg 1024w, https:\/\/cortijoelalamo.com\/wp-content\/uploads\/2025\/11\/Cortijo_El_alamo2_cocina-768x432.jpg 768w, https:\/\/cortijoelalamo.com\/wp-content\/uploads\/2025\/11\/Cortijo_El_alamo2_cocina-1536x864.jpg 1536w, https:\/\/cortijoelalamo.com\/wp-content\/uploads\/2025\/11\/Cortijo_El_alamo2_cocina-1144x644.jpg 1144w\" sizes=\"auto, (max-width: 1920px) 100vw, 1920px\" \/>\t\t<span class=\"curl-wrapper\">\n\t\t\t<span class=\"curl\"><\/span>\n\t\t<\/span>\t\t\n\t<\/a>\n\n\t<\/p>\n<div class=\"mphb-details-part-wrapper\">\n<h2 class=\"mphb-room-type-title entry-title\">\n\n<a class=\"mphb-room-type-title\" href=\"https:\/\/cortijoelalamo.com\/en\/accommodation\/cortijo-el-alamo-ii\/\">Cortijo El \u00c1lamo II Complete<\/a>\n\n<\/h2>\n\n<p>Cortijo El \u00c1lamo II This accommodation includes a base occupancy of 20 people.It is permitted to add up to 5 extra beds, reaching a maximum capacity of 25 people. Price [&hellip;]<\/p>\n\n\n<h3 class=\"mphb-room-type-details-title\">Details<\/h3><ul class=\"mphb-loop-room-type-attributes\">\n\n\n\t<li class=\"mphb-room-type-adults-capacity\"><span class=\"mphb-attribute-title mphb-adults-title\">Guests:<\/span><span class=\"mphb-attribute-value\">\n\t25\n\t<\/span><\/li>\n\t\n\n\n\n\n\n\n\n<\/ul>\n\n\t<p class=\"mphb-regular-price\"><strong>Prices start at:<\/strong>\n\t<span class=\"mphb-price\">500&nbsp;<span class=\"mphb-currency\">&euro;<\/span><\/span> <span class=\"mphb-price-period\" title=\"Choose dates to see relevant prices\">per night<\/span>\n\t<\/p>\n\t<div class=\"mphb-view-details-wrapper\">\n<p class=\"mphb-view-details-button-wrapper\">\n<a class=\"button mphb-view-details-button\" href=\"https:\/\/cortijoelalamo.com\/en\/accommodation\/cortijo-el-alamo-ii\/\" >VIEW ROOM<\/a>\n<\/p>\n<div class=\"mphb-to-book-btn-wrapper\">\n<form action=\"https:\/\/cortijoelalamo.com\/en\/accommodation\/cortijo-el-alamo-ii\/#booking-form-2678\" method=\"get\" ><button type=\"submit\" class=\"button mphb-book-button\" >BOOK NOW<\/button><\/form>\n<br\/><\/div><\/div><\/div>\n\t\n<\/div>\n\n<div class=\"mphb-room-type post-2679 mphb_room_type type-mphb_room_type status-publish has-post-thumbnail has_thumb odd mphb-room-type-adults-15 mphb-room-type-children-0 \">\n\n\t\n\t\n\n\t<p class=\"post-thumbnail mphb-loop-room-thumbnail\">\n\t<a href=\"https:\/\/cortijoelalamo.com\/en\/accommodation\/cortijo-el-alamo-1-parte-grande\/\">\n\t<img loading=\"lazy\" decoding=\"async\" width=\"1920\" height=\"1080\" src=\"https:\/\/cortijoelalamo.com\/wp-content\/uploads\/2024\/11\/Cortijo_el_Alamo_cocinagrande2-1.jpg\" class=\"attachment-post-thumbnail size-post-thumbnail wp-post-image\" alt=\"\" srcset=\"https:\/\/cortijoelalamo.com\/wp-content\/uploads\/2024\/11\/Cortijo_el_Alamo_cocinagrande2-1.jpg 1920w, https:\/\/cortijoelalamo.com\/wp-content\/uploads\/2024\/11\/Cortijo_el_Alamo_cocinagrande2-1-300x169.jpg 300w, https:\/\/cortijoelalamo.com\/wp-content\/uploads\/2024\/11\/Cortijo_el_Alamo_cocinagrande2-1-1024x576.jpg 1024w, https:\/\/cortijoelalamo.com\/wp-content\/uploads\/2024\/11\/Cortijo_el_Alamo_cocinagrande2-1-768x432.jpg 768w, https:\/\/cortijoelalamo.com\/wp-content\/uploads\/2024\/11\/Cortijo_el_Alamo_cocinagrande2-1-1536x864.jpg 1536w, https:\/\/cortijoelalamo.com\/wp-content\/uploads\/2024\/11\/Cortijo_el_Alamo_cocinagrande2-1-1144x644.jpg 1144w\" sizes=\"auto, (max-width: 1920px) 100vw, 1920px\" \/>\t\t<span class=\"curl-wrapper\">\n\t\t\t<span class=\"curl\"><\/span>\n\t\t<\/span>\t\t\n\t<\/a>\n\n\t<\/p>\n<div class=\"mphb-details-part-wrapper\">\n<h2 class=\"mphb-room-type-title entry-title\">\n\n<a class=\"mphb-room-type-title\" href=\"https:\/\/cortijoelalamo.com\/en\/accommodation\/cortijo-el-alamo-1-parte-grande\/\">Cortijo El \u00c1lamo I: BIG PART<\/a>\n\n<\/h2>\n\n<p>Cortijo El \u00c1lamo I: BIG PART This accommodation includes a base occupancy of 12 people.It is permitted to add up to 3 extra beds, reaching a maximum capacity of 15 [&hellip;]<\/p>\n\n\n<h3 class=\"mphb-room-type-details-title\">Details<\/h3><ul class=\"mphb-loop-room-type-attributes\">\n\n\n\t<li class=\"mphb-room-type-adults-capacity\"><span class=\"mphb-attribute-title mphb-adults-title\">Guests:<\/span><span class=\"mphb-attribute-value\">\n\t15\n\t<\/span><\/li>\n\t\n\n\n\n\n\n\n\n<\/ul>\n\n\t<p class=\"mphb-regular-price\"><strong>Prices start at:<\/strong>\n\t<span class=\"mphb-price\">300&nbsp;<span class=\"mphb-currency\">&euro;<\/span><\/span> <span class=\"mphb-price-period\" title=\"Choose dates to see relevant prices\">per night<\/span>\n\t<\/p>\n\t<div class=\"mphb-view-details-wrapper\">\n<p class=\"mphb-view-details-button-wrapper\">\n<a class=\"button mphb-view-details-button\" href=\"https:\/\/cortijoelalamo.com\/en\/accommodation\/cortijo-el-alamo-1-parte-grande\/\" >VIEW ROOM<\/a>\n<\/p>\n<div class=\"mphb-to-book-btn-wrapper\">\n<form action=\"https:\/\/cortijoelalamo.com\/en\/accommodation\/cortijo-el-alamo-1-parte-grande\/#booking-form-2679\" method=\"get\" ><button type=\"submit\" class=\"button mphb-book-button\" >BOOK NOW<\/button><\/form>\n<br\/><\/div><\/div><\/div>\n\t\n<\/div>\n\n<div class=\"mphb-room-type post-2680 mphb_room_type type-mphb_room_type status-publish has-post-thumbnail has_thumb even mphb-room-type-adults-10 mphb-room-type-children-0 \">\n\n\t\n\t\n\n\t<p class=\"post-thumbnail mphb-loop-room-thumbnail\">\n\t<a href=\"https:\/\/cortijoelalamo.com\/en\/accommodation\/cortijo-el-alamo-1-parte-pequena\/\">\n\t<img loading=\"lazy\" decoding=\"async\" width=\"1920\" height=\"1080\" src=\"https:\/\/cortijoelalamo.com\/wp-content\/uploads\/2025\/11\/Cortijo_el_alamo_sala_de_estar_pequena_noviembre.jpg\" class=\"attachment-post-thumbnail size-post-thumbnail wp-post-image\" alt=\"\" srcset=\"https:\/\/cortijoelalamo.com\/wp-content\/uploads\/2025\/11\/Cortijo_el_alamo_sala_de_estar_pequena_noviembre.jpg 1920w, https:\/\/cortijoelalamo.com\/wp-content\/uploads\/2025\/11\/Cortijo_el_alamo_sala_de_estar_pequena_noviembre-300x169.jpg 300w, https:\/\/cortijoelalamo.com\/wp-content\/uploads\/2025\/11\/Cortijo_el_alamo_sala_de_estar_pequena_noviembre-1024x576.jpg 1024w, https:\/\/cortijoelalamo.com\/wp-content\/uploads\/2025\/11\/Cortijo_el_alamo_sala_de_estar_pequena_noviembre-768x432.jpg 768w, https:\/\/cortijoelalamo.com\/wp-content\/uploads\/2025\/11\/Cortijo_el_alamo_sala_de_estar_pequena_noviembre-1536x864.jpg 1536w, https:\/\/cortijoelalamo.com\/wp-content\/uploads\/2025\/11\/Cortijo_el_alamo_sala_de_estar_pequena_noviembre-1144x644.jpg 1144w\" sizes=\"auto, (max-width: 1920px) 100vw, 1920px\" \/>\t\t<span class=\"curl-wrapper\">\n\t\t\t<span class=\"curl\"><\/span>\n\t\t<\/span>\t\t\n\t<\/a>\n\n\t<\/p>\n<div class=\"mphb-details-part-wrapper\">\n<h2 class=\"mphb-room-type-title entry-title\">\n\n<a class=\"mphb-room-type-title\" href=\"https:\/\/cortijoelalamo.com\/en\/accommodation\/cortijo-el-alamo-1-parte-pequena\/\">Cortijo El \u00c1lamo I: SMALL PART<\/a>\n\n<\/h2>\n\n<p>Cortijo El \u00c1lamo I: SMALL PARTCortijo El \u00c1lamo I: PARTE PEQUE\u00d1A This accommodation has a base occupancy of 8 people, included in the standard rate. Up to 2 extra beds [&hellip;]<\/p>\n\n\n<h3 class=\"mphb-room-type-details-title\">Details<\/h3><ul class=\"mphb-loop-room-type-attributes\">\n\n\n\t<li class=\"mphb-room-type-adults-capacity\"><span class=\"mphb-attribute-title mphb-adults-title\">Guests:<\/span><span class=\"mphb-attribute-value\">\n\t10\n\t<\/span><\/li>\n\t\n\n\n\n\n\n\n\n<\/ul>\n\n\t<p class=\"mphb-regular-price\"><strong>Prices start at:<\/strong>\n\t<span class=\"mphb-price\">200&nbsp;<span class=\"mphb-currency\">&euro;<\/span><\/span> <span class=\"mphb-price-period\" title=\"Choose dates to see relevant prices\">per night<\/span>\n\t<\/p>\n\t<div class=\"mphb-view-details-wrapper\">\n<p class=\"mphb-view-details-button-wrapper\">\n<a class=\"button mphb-view-details-button\" href=\"https:\/\/cortijoelalamo.com\/en\/accommodation\/cortijo-el-alamo-1-parte-pequena\/\" >VIEW ROOM<\/a>\n<\/p>\n<div class=\"mphb-to-book-btn-wrapper\">\n<form action=\"https:\/\/cortijoelalamo.com\/en\/accommodation\/cortijo-el-alamo-1-parte-pequena\/#booking-form-2680\" method=\"get\" ><button type=\"submit\" class=\"button mphb-book-button\" >BOOK NOW<\/button><\/form>\n<br\/><\/div><\/div><\/div>\n\t\n<\/div>\n\n<div class=\"mphb-room-type post-2681 mphb_room_type type-mphb_room_type status-publish has-post-thumbnail has_thumb odd mphb-room-type-adults-25 mphb-room-type-children-0 \">\n\n\t\n\t\n\n\t<p class=\"post-thumbnail mphb-loop-room-thumbnail\">\n\t<a href=\"https:\/\/cortijoelalamo.com\/en\/accommodation\/alamo-i\/\">\n\t<img loading=\"lazy\" decoding=\"async\" width=\"1920\" height=\"1080\" src=\"https:\/\/cortijoelalamo.com\/wp-content\/uploads\/2024\/11\/Cortijo_el_Alamo_cocinagrande3-1.jpg\" class=\"attachment-post-thumbnail size-post-thumbnail wp-post-image\" alt=\"\" srcset=\"https:\/\/cortijoelalamo.com\/wp-content\/uploads\/2024\/11\/Cortijo_el_Alamo_cocinagrande3-1.jpg 1920w, https:\/\/cortijoelalamo.com\/wp-content\/uploads\/2024\/11\/Cortijo_el_Alamo_cocinagrande3-1-300x169.jpg 300w, https:\/\/cortijoelalamo.com\/wp-content\/uploads\/2024\/11\/Cortijo_el_Alamo_cocinagrande3-1-1024x576.jpg 1024w, https:\/\/cortijoelalamo.com\/wp-content\/uploads\/2024\/11\/Cortijo_el_Alamo_cocinagrande3-1-768x432.jpg 768w, https:\/\/cortijoelalamo.com\/wp-content\/uploads\/2024\/11\/Cortijo_el_Alamo_cocinagrande3-1-1536x864.jpg 1536w, https:\/\/cortijoelalamo.com\/wp-content\/uploads\/2024\/11\/Cortijo_el_Alamo_cocinagrande3-1-1144x644.jpg 1144w\" sizes=\"auto, (max-width: 1920px) 100vw, 1920px\" \/>\t\t<span class=\"curl-wrapper\">\n\t\t\t<span class=\"curl\"><\/span>\n\t\t<\/span>\t\t\n\t<\/a>\n\n\t<\/p>\n<div class=\"mphb-details-part-wrapper\">\n<h2 class=\"mphb-room-type-title entry-title\">\n\n<a class=\"mphb-room-type-title\" href=\"https:\/\/cortijoelalamo.com\/en\/accommodation\/alamo-i\/\">Cortijo El \u00c1lamo I: COMPLETE<\/a>\n\n<\/h2>\n\n<p>The Cortijo El \u00c1lamo I is a large-capacity rural accommodation, ideal for large groups, families, and celebrations seeking to enjoy the tranquillity of the countryside without giving up comfort. The [&hellip;]<\/p>\n\n\n<h3 class=\"mphb-room-type-details-title\">Details<\/h3><ul class=\"mphb-loop-room-type-attributes\">\n\t<li class=\"mphb-room-type-total-capacity\"><span class=\"mphb-attribute-title mphb-total-capacity-title\">Guests:<\/span><span class=\"mphb-attribute-value\">\n\t25\n\t<\/span><\/li>\t\n\n\n\n\n\n\n\n\n<\/ul>\n\n\t<p class=\"mphb-regular-price\"><strong>Prices start at:<\/strong>\n\t<span class=\"mphb-price\">500&nbsp;<span class=\"mphb-currency\">&euro;<\/span><\/span> <span class=\"mphb-price-period\" title=\"Choose dates to see relevant prices\">per night<\/span>\n\t<\/p>\n\t<div class=\"mphb-view-details-wrapper\">\n<p class=\"mphb-view-details-button-wrapper\">\n<a class=\"button mphb-view-details-button\" href=\"https:\/\/cortijoelalamo.com\/en\/accommodation\/alamo-i\/\" >VIEW ROOM<\/a>\n<\/p>\n<div class=\"mphb-to-book-btn-wrapper\">\n<form action=\"https:\/\/cortijoelalamo.com\/en\/accommodation\/alamo-i\/#booking-form-2681\" method=\"get\" ><button type=\"submit\" class=\"button mphb-book-button\" >BOOK NOW<\/button><\/form>\n<br\/><\/div><\/div><\/div>\n\t\n<\/div>\n<\/div><\/div>[\/vc_column][\/vc_row]<\/p>\n<\/div>","protected":false},"excerpt":{"rendered":"<p>[vc_row full_width=&#8221;stretch_row&#8221; full_height=&#8221;yes&#8221; columns_placement=&#8221;top&#8221; parallax=&#8221;content-moving&#8221; parallax_image=&#8221;3190&#8243; bottom_arrow=&#8221;on&#8221; bottom_arrow_color=&#8221;#ffffff&#8221; hue=&#8221;#ff0000&#8243; css=&#8221;.vc_custom_1762895364466{margin-top: 0px !important;margin-bottom: 0px !important;padding-top: 200px !important;padding-bottom: 0px !important;}&#8221;][vc_column column_use_custom_typography_align=&#8221;center&#8221;][vc_empty_space height=&#8221;250px&#8221;][\/vc_column][\/vc_row][vc_row css=&#8221;.vc_custom_1542998812268{margin-top: 40px !important;padding-bottom: 40px !important;}&#8221;][vc_column][\/vc_column][\/vc_row]<\/p>\n","protected":false},"author":1,"featured_media":0,"parent":0,"menu_order":0,"comment_status":"closed","ping_status":"closed","template":"page-transparent-menu.php","meta":{"rs_blank_template":"","rs_page_bg_color":"","slide_template_v7":"","footnotes":""},"class_list":["post-4437","page","type-page","status-publish","hentry","has_thumb","even"],"_links":{"self":[{"href":"https:\/\/cortijoelalamo.com\/en\/wp-json\/wp\/v2\/pages\/4437","targetHints":{"allow":["GET"]}}],"collection":[{"href":"https:\/\/cortijoelalamo.com\/en\/wp-json\/wp\/v2\/pages"}],"about":[{"href":"https:\/\/cortijoelalamo.com\/en\/wp-json\/wp\/v2\/types\/page"}],"author":[{"embeddable":true,"href":"https:\/\/cortijoelalamo.com\/en\/wp-json\/wp\/v2\/users\/1"}],"replies":[{"embeddable":true,"href":"https:\/\/cortijoelalamo.com\/en\/wp-json\/wp\/v2\/comments?post=4437"}],"version-history":[{"count":4,"href":"https:\/\/cortijoelalamo.com\/en\/wp-json\/wp\/v2\/pages\/4437\/revisions"}],"predecessor-version":[{"id":4441,"href":"https:\/\/cortijoelalamo.com\/en\/wp-json\/wp\/v2\/pages\/4437\/revisions\/4441"}],"wp:attachment":[{"href":"https:\/\/cortijoelalamo.com\/en\/wp-json\/wp\/v2\/media?parent=4437"}],"curies":[{"name":"wp","href":"https:\/\/api.w.org\/{rel}","templated":true}]}}