{"id":4408,"date":"2018-10-03T18:47:43","date_gmt":"2018-10-03T16:47:43","guid":{"rendered":"https:\/\/cortijoelalamo.com\/location\/"},"modified":"2026-03-02T02:51:25","modified_gmt":"2026-03-02T00:51:25","slug":"location","status":"publish","type":"page","link":"https:\/\/cortijoelalamo.com\/en\/location\/","title":{"rendered":"LOCATION"},"content":{"rendered":"<div class=\"wpb-content-wrapper\"><p>[vc_row full_width=&#8221;stretch_row&#8221; full_height=&#8221;yes&#8221; zero_margin_on_mobile=&#8221;on&#8221; hide_this_row=&#8221;desktop&#8221; bg_slider_images=&#8221;1370&#8243; css=&#8221;.vc_custom_1542485266751{margin-top: 0px !important;margin-bottom: 0px !important;padding-top: 100px !important;padding-bottom: 50px !important;}&#8221;][vc_column width=&#8221;1\/2&#8243; css=&#8221;.vc_custom_1542133024582{margin-bottom: 0px !important;padding-bottom: 0px !important;}&#8221; offset=&#8221;vc_hidden-lg vc_hidden-md&#8221;]<div id=\"tile-with-icon_icon1\" class=\"title-with-icon-wrapper clear small \" data-color=\"\"  style=\"\">\r\n\t\t\t<div class=\"wpb_content_element title-with-icon clearfix margin-bottom-0 \"><span  style=\"color:#000000 !important;background-color: !important;\" class=\"oic-location-1 clear small \" ><\/span><h5 style=\"color:#000000\">Cortijo El \u00c1lamo I<\/h5>\r\n\t\t\t<\/div><div class=\"wpb_content_element left-cs title-with-icon-content small clearfix\" style=\"color:#000000\"><span style=\"color: #999999;\">Paraje Hoya del Serbal, s\/n<br \/>\n04830 V\u00e9lez Blanco<br \/>\nAlmer\u00eda<\/span><\/div><\/div><div id=\"tile-with-icon_icon2\" class=\"title-with-icon-wrapper clear small \" data-color=\"\"  style=\"\">\r\n\t\t\t<div class=\"wpb_content_element title-with-icon clearfix margin-bottom-0 \"><span  style=\"color:#000000 !important;background-color: !important;\" class=\"oic-email-mail-streamline clear small \" ><\/span><h5 style=\"color:#000000\">Email<\/h5>\r\n\t\t\t<\/div><div class=\"wpb_content_element left-cs title-with-icon-content small clearfix\" style=\"color:#000000\"><a href=\"mailto:info@cortijoelalamo.com\"><span style=\"color: #999999;\">info@cortijoelalamo.com<\/span><\/a><\/div><\/div><div id=\"tile-with-icon_icon3\" class=\"title-with-icon-wrapper clear small \" data-color=\"\"  style=\"\">\r\n\t\t\t<div class=\"wpb_content_element title-with-icon clearfix margin-bottom-0 \"><span  style=\"color:#000000 !important;background-color: !important;\" class=\"oic-telephone clear small \" ><\/span><h5 style=\"color:#000000\">Phone<\/h5>\r\n\t\t\t<\/div><div class=\"wpb_content_element left-cs title-with-icon-content small clearfix\" style=\"color:#000000\"><span style=\"color: #999999;\">+34 639 65 59 46<\/span><\/div><\/div>[\/vc_column][vc_column width=&#8221;1\/2&#8243;][vc_goo_maps location=&#8221;cortijo el \u00e1lamo, La Hoya del Serval, 04830 V\u00e9lez-Blanco, almer\u00eda , Espa\u00f1a&#8221; zoom=&#8221;20&#8243; css=&#8221;&#8221;][\/vc_column][\/vc_row][vc_row full_width=&#8221;stretch_row&#8221; full_height=&#8221;yes&#8221; zero_margin_on_mobile=&#8221;on&#8221; hide_this_row=&#8221;desktop&#8221; bg_slider_images=&#8221;1370&#8243; css=&#8221;.vc_custom_1542485266751{margin-top: 0px !important;margin-bottom: 0px !important;padding-top: 100px !important;padding-bottom: 50px !important;}&#8221;][vc_column width=&#8221;1\/2&#8243; css=&#8221;.vc_custom_1542133024582{margin-bottom: 0px !important;padding-bottom: 0px !important;}&#8221; offset=&#8221;vc_hidden-lg vc_hidden-md&#8221;]<div id=\"tile-with-icon_icon4\" class=\"title-with-icon-wrapper clear small \" data-color=\"\"  style=\"\">\r\n\t\t\t<div class=\"wpb_content_element title-with-icon clearfix margin-bottom-0 \"><span  style=\"color:#000000 !important;background-color: !important;\" class=\"oic-location-1 clear small \" ><\/span><h5 style=\"color:#000000\">Cortijo El \u00c1lamo II<\/h5>\r\n\t\t\t<\/div><div class=\"wpb_content_element left-cs title-with-icon-content small clearfix\" style=\"color:#000000\"><span style=\"color: #999999;\">Paraje de Alara, s\/n<br \/>\n04830 V\u00e9lez Blanco<br \/>\nAlmer\u00eda<\/span><\/div><\/div><div id=\"tile-with-icon_icon5\" class=\"title-with-icon-wrapper clear small \" data-color=\"\"  style=\"\">\r\n\t\t\t<div class=\"wpb_content_element title-with-icon clearfix margin-bottom-0 \"><span  style=\"color:#000000 !important;background-color: !important;\" class=\"oic-email-mail-streamline clear small \" ><\/span><h5 style=\"color:#000000\">Email<\/h5>\r\n\t\t\t<\/div><div class=\"wpb_content_element left-cs title-with-icon-content small clearfix\" style=\"color:#000000\"><a href=\"mailto:info@cortijoelalamo.com\"><span style=\"color: #999999;\">info@cortijoelalamo.com<\/span><\/a><\/div><\/div><div id=\"tile-with-icon_icon6\" class=\"title-with-icon-wrapper clear small \" data-color=\"\"  style=\"\">\r\n\t\t\t<div class=\"wpb_content_element title-with-icon clearfix margin-bottom-0 \"><span  style=\"color:#000000 !important;background-color: !important;\" class=\"oic-telephone clear small \" ><\/span><h5 style=\"color:#000000\">Phone<\/h5>\r\n\t\t\t<\/div><div class=\"wpb_content_element left-cs title-with-icon-content small clearfix\" style=\"color:#000000\"><span style=\"color: #999999;\">+34 639 65 59 46<\/span><\/div><\/div>[\/vc_column][vc_column width=&#8221;1\/2&#8243;][vc_goo_maps location=&#8221;Cortijo El Alamo 2, Balsa Lara, 04830 V\u00e9lez-Blanco, Almer\u00eda&#8221; zoom=&#8221;17&#8243; css=&#8221;&#8221;][\/vc_column][\/vc_row][vc_row full_width=&#8221;stretch_row&#8221; full_height=&#8221;yes&#8221; bg_slider=&#8221;kenburns&#8221; hide_this_row=&#8221;mobile&#8221; bg_slider_images=&#8221;3840,3254,2356&#8243; css=&#8221;.vc_custom_1769897150171{margin-top: 0px !important;margin-bottom: 0px !important;padding-top: 100px !important;padding-bottom: 50px !important;}&#8221;][vc_column css=&#8221;.vc_custom_1769896966093{margin-bottom: 0px !important;padding-bottom: 0px !important;}&#8221; offset=&#8221;vc_hidden-sm vc_hidden-xs&#8221;][vc_custom_heading text=&#8221;We are located in&#8230;&#8221; font_container=&#8221;tag:h2|text_align:center|color:%23ffffff&#8221; use_theme_fonts=&#8221;yes&#8221; css=&#8221;&#8221;][vc_empty_space height=&#8221;50px&#8221;][vc_row_inner css=&#8221;.vc_custom_1538596728912{margin-bottom: 0px !important;padding-bottom: 0px !important;background-color: #ffffff !important;}&#8221;][vc_column_inner width=&#8221;1\/3&#8243; css=&#8221;.vc_custom_1541421615729{padding-top: 15% !important;padding-left: 15% !important;}&#8221; offset=&#8221;vc_hidden-sm vc_hidden-xs&#8221;]<div id=\"tile-with-icon_icon7\" class=\"title-with-icon-wrapper clear small \" data-color=\"\"  style=\"\">\r\n\t\t\t<div class=\"wpb_content_element title-with-icon clearfix margin-bottom-0 \"><span  style=\"color:#000000 !important;background-color: !important;\" class=\"oic-location-1 clear small \" ><\/span><h5 style=\"color:#000000\">Cortijo El \u00c1lamo I<\/h5>\r\n\t\t\t<\/div><div class=\"wpb_content_element left-cs title-with-icon-content small clearfix\" style=\"color:#000000\"><span style=\"color: #999999;\">Paraje Hoya del Serbal, s\/n<br \/>\n04830 V\u00e9lez Blanco<br \/>\nAlmer\u00eda<\/span><\/div><\/div>[vc_separator]<div id=\"tile-with-icon_icon8\" class=\"title-with-icon-wrapper clear small \" data-color=\"\"  style=\"\">\r\n\t\t\t<div class=\"wpb_content_element title-with-icon clearfix margin-bottom-0 \"><span  style=\"color:#000000 !important;background-color: !important;\" class=\"oic-email-mail-streamline clear small \" ><\/span><h5 style=\"color:#000000\">Email<\/h5>\r\n\t\t\t<\/div><div class=\"wpb_content_element left-cs title-with-icon-content small clearfix\" style=\"color:#000000\"><a href=\"mailto:info@cortijoelalamo.com\"><span style=\"color: #999999;\">info@cortijoelalamo.com<\/span><\/a><\/div><\/div>[vc_separator]<div id=\"tile-with-icon_icon9\" class=\"title-with-icon-wrapper clear small \" data-color=\"\"  style=\"\">\r\n\t\t\t<div class=\"wpb_content_element title-with-icon clearfix margin-bottom-0 \"><span  style=\"color:#000000 !important;background-color: !important;\" class=\"oic-telephone clear small \" ><\/span><h5 style=\"color:#000000\">Tel\u00e9fono<\/h5>\r\n\t\t\t<\/div><div class=\"wpb_content_element left-cs title-with-icon-content small clearfix\" style=\"color:#000000\"><span style=\"color: #999999;\">+34 639 65 59 46<\/span><\/div><\/div>[vc_separator css=&#8221;&#8221;][\/vc_column_inner][vc_column_inner width=&#8221;2\/3&#8243; css=&#8221;.vc_custom_1541421628918{padding-top: 8% !important;padding-right: 10% !important;padding-bottom: 5% !important;padding-left: 10% !important;}&#8221; offset=&#8221;vc_hidden-sm vc_hidden-xs&#8221;][vc_goo_maps location=&#8221;cortijo el \u00e1lamo, La Hoya del Serval, 04830 V\u00e9lez-Blanco, almer\u00eda , Espa\u00f1a&#8221; zoom=&#8221;20&#8243; css=&#8221;&#8221;][\/vc_column_inner][\/vc_row_inner][vc_row_inner css=&#8221;.vc_custom_1538596728912{margin-bottom: 0px !important;padding-bottom: 0px !important;background-color: #ffffff !important;}&#8221;][vc_column_inner width=&#8221;1\/3&#8243; css=&#8221;.vc_custom_1541421615729{padding-top: 15% !important;padding-left: 15% !important;}&#8221; offset=&#8221;vc_hidden-sm vc_hidden-xs&#8221;]<div id=\"tile-with-icon_icon10\" class=\"title-with-icon-wrapper clear small \" data-color=\"\"  style=\"\">\r\n\t\t\t<div class=\"wpb_content_element title-with-icon clearfix margin-bottom-0 \"><span  style=\"color:#000000 !important;background-color: !important;\" class=\"oic-location-1 clear small \" ><\/span><h5 style=\"color:#000000\">Cortijo El \u00c1lamo II<\/h5>\r\n\t\t\t<\/div><div class=\"wpb_content_element left-cs title-with-icon-content small clearfix\" style=\"color:#000000\"><span style=\"color: #999999;\">Paraje de Alara, s\/n<br \/>\n04830 V\u00e9lez Blanco<br \/>\nAlmer\u00eda<\/span><\/div><\/div>[vc_separator]<div id=\"tile-with-icon_icon11\" class=\"title-with-icon-wrapper clear small \" data-color=\"\"  style=\"\">\r\n\t\t\t<div class=\"wpb_content_element title-with-icon clearfix margin-bottom-0 \"><span  style=\"color:#000000 !important;background-color: !important;\" class=\"oic-email-mail-streamline clear small \" ><\/span><h5 style=\"color:#000000\">Email<\/h5>\r\n\t\t\t<\/div><div class=\"wpb_content_element left-cs title-with-icon-content small clearfix\" style=\"color:#000000\"><a href=\"mailto:info@cortijoelalamo.com\"><span style=\"color: #999999;\">info@cortijoelalamo.com<\/span><\/a><\/div><\/div>[vc_separator]<div id=\"tile-with-icon_icon12\" class=\"title-with-icon-wrapper clear small \" data-color=\"\"  style=\"\">\r\n\t\t\t<div class=\"wpb_content_element title-with-icon clearfix margin-bottom-0 \"><span  style=\"color:#000000 !important;background-color: !important;\" class=\"oic-telephone clear small \" ><\/span><h5 style=\"color:#000000\">Tel\u00e9fono<\/h5>\r\n\t\t\t<\/div><div class=\"wpb_content_element left-cs title-with-icon-content small clearfix\" style=\"color:#000000\"><span style=\"color: #999999;\">+34 639 65 59 46<\/span><\/div><\/div>[\/vc_column_inner][vc_column_inner width=&#8221;2\/3&#8243; css=&#8221;.vc_custom_1541421628918{padding-top: 8% !important;padding-right: 10% !important;padding-bottom: 5% !important;padding-left: 10% !important;}&#8221; offset=&#8221;vc_hidden-sm vc_hidden-xs&#8221;][vc_goo_maps location=&#8221;Cortijo El Alamo 2, Balsa Lara, 04830 V\u00e9lez-Blanco, Almer\u00eda&#8221; zoom=&#8221;17&#8243; css=&#8221;&#8221;][\/vc_column_inner][\/vc_row_inner][\/vc_column][\/vc_row]<\/p>\n<\/div>","protected":false},"excerpt":{"rendered":"<p>[vc_row full_width=&#8221;stretch_row&#8221; full_height=&#8221;yes&#8221; zero_margin_on_mobile=&#8221;on&#8221; hide_this_row=&#8221;desktop&#8221; bg_slider_images=&#8221;1370&#8243; css=&#8221;.vc_custom_1542485266751{margin-top: 0px !important;margin-bottom: 0px !important;padding-top: 100px !important;padding-bottom: 50px !important;}&#8221;][vc_column width=&#8221;1\/2&#8243; css=&#8221;.vc_custom_1542133024582{margin-bottom: 0px !important;padding-bottom: 0px !important;}&#8221; offset=&#8221;vc_hidden-lg vc_hidden-md&#8221;][\/vc_column][vc_column width=&#8221;1\/2&#8243;][vc_goo_maps location=&#8221;cortijo el \u00e1lamo, La Hoya del [&hellip;]<\/p>\n","protected":false},"author":1,"featured_media":0,"parent":0,"menu_order":0,"comment_status":"closed","ping_status":"closed","template":"page-transparent-menu.php","meta":{"rs_blank_template":"","rs_page_bg_color":"","slide_template_v7":"","footnotes":""},"class_list":["post-4408","page","type-page","status-publish","hentry",null],"_links":{"self":[{"href":"https:\/\/cortijoelalamo.com\/en\/wp-json\/wp\/v2\/pages\/4408","targetHints":{"allow":["GET"]}}],"collection":[{"href":"https:\/\/cortijoelalamo.com\/en\/wp-json\/wp\/v2\/pages"}],"about":[{"href":"https:\/\/cortijoelalamo.com\/en\/wp-json\/wp\/v2\/types\/page"}],"author":[{"embeddable":true,"href":"https:\/\/cortijoelalamo.com\/en\/wp-json\/wp\/v2\/users\/1"}],"replies":[{"embeddable":true,"href":"https:\/\/cortijoelalamo.com\/en\/wp-json\/wp\/v2\/comments?post=4408"}],"version-history":[{"count":5,"href":"https:\/\/cortijoelalamo.com\/en\/wp-json\/wp\/v2\/pages\/4408\/revisions"}],"predecessor-version":[{"id":4508,"href":"https:\/\/cortijoelalamo.com\/en\/wp-json\/wp\/v2\/pages\/4408\/revisions\/4508"}],"wp:attachment":[{"href":"https:\/\/cortijoelalamo.com\/en\/wp-json\/wp\/v2\/media?parent=4408"}],"curies":[{"name":"wp","href":"https:\/\/api.w.org\/{rel}","templated":true}]}}