{"id":4215,"date":"2017-05-16T13:59:44","date_gmt":"2017-05-16T11:59:44","guid":{"rendered":"https:\/\/cortijoelalamo.com\/our-accommodations\/"},"modified":"2026-03-02T23:48:56","modified_gmt":"2026-03-02T21:48:56","slug":"our-accommodations","status":"publish","type":"page","link":"https:\/\/cortijoelalamo.com\/en\/our-accommodations\/","title":{"rendered":"Our Accommodations"},"content":{"rendered":"<div class=\"wpb-content-wrapper\"><p>[vc_row][vc_column][vc_separator css=&#8221;&#8221;][vc_column_text css=&#8221;&#8221;]<\/p>\n<div class=\"cea-mobile-title\">\n<h1>Our Accommodations<\/h1>\n<p>Rural accommodations designed to relax, disconnect, and enjoy<\/p>\n<\/div>\n<h3><\/h3>\n<p style=\"text-align: center;\"><span style=\"font-size: 14pt;\">We offer two charming rural farmhouses, perfect for families and groups. You can stay at \u00c1lamo I \u2014rented as a whole, or as the Large or Small part\u2014 or discover \u00c1lamo II, featuring spacious areas, bedrooms with en-suite bathrooms, and all the amenities.<\/span><\/p>\n<p>[\/vc_column_text][vc_column_text css=&#8221;&#8221;]<div class=\"mphb_sc_rooms-wrapper mphb-room-types \">\n<div class=\"mphb-room-type post-2678 mphb_room_type type-mphb_room_type status-publish has-post-thumbnail has_thumb  mphb-room-type-adults-25 mphb-room-type-children-0\">\n\n\t\n\t\n\n\t<p class=\"post-thumbnail mphb-loop-room-thumbnail\">\n\t<a href=\"https:\/\/cortijoelalamo.com\/en\/accommodation\/cortijo-el-alamo-ii\/\">\n\t<img loading=\"lazy\" decoding=\"async\" width=\"1920\" height=\"1080\" src=\"https:\/\/cortijoelalamo.com\/wp-content\/uploads\/2025\/11\/Cortijo_El_alamo2_cocina.jpg\" class=\"attachment-post-thumbnail size-post-thumbnail wp-post-image\" alt=\"\" srcset=\"https:\/\/cortijoelalamo.com\/wp-content\/uploads\/2025\/11\/Cortijo_El_alamo2_cocina.jpg 1920w, https:\/\/cortijoelalamo.com\/wp-content\/uploads\/2025\/11\/Cortijo_El_alamo2_cocina-300x169.jpg 300w, https:\/\/cortijoelalamo.com\/wp-content\/uploads\/2025\/11\/Cortijo_El_alamo2_cocina-1024x576.jpg 1024w, https:\/\/cortijoelalamo.com\/wp-content\/uploads\/2025\/11\/Cortijo_El_alamo2_cocina-768x432.jpg 768w, https:\/\/cortijoelalamo.com\/wp-content\/uploads\/2025\/11\/Cortijo_El_alamo2_cocina-1536x864.jpg 1536w, https:\/\/cortijoelalamo.com\/wp-content\/uploads\/2025\/11\/Cortijo_El_alamo2_cocina-1144x644.jpg 1144w\" sizes=\"auto, (max-width: 1920px) 100vw, 1920px\" \/>\t\t<span class=\"curl-wrapper\">\n\t\t\t<span class=\"curl\"><\/span>\n\t\t<\/span>\t\t\n\t<\/a>\n\n\t<\/p>\n<div class=\"mphb-details-part-wrapper\">\n<h2 class=\"mphb-room-type-title entry-title\">\n\n<a class=\"mphb-room-type-title\" href=\"https:\/\/cortijoelalamo.com\/en\/accommodation\/cortijo-el-alamo-ii\/\">Cortijo El \u00c1lamo II Complete<\/a>\n\n<\/h2>\n\n<p>Cortijo El \u00c1lamo II This accommodation includes a base occupancy of 20 people.It is permitted to add up to 5 extra beds, reaching a maximum capacity of 25 people. Price [&hellip;]<\/p>\n\n\n<h3 class=\"mphb-room-type-details-title\">Details<\/h3><ul class=\"mphb-loop-room-type-attributes\">\n\n\n\t<li class=\"mphb-room-type-adults-capacity\"><span class=\"mphb-attribute-title mphb-adults-title\">Guests:<\/span><span class=\"mphb-attribute-value\">\n\t25\n\t<\/span><\/li>\n\t\n\n\n\n\n\n\n\n<\/ul>\n\n\t<p class=\"mphb-regular-price\"><strong>Prices start at:<\/strong>\n\t<span class=\"mphb-price\">500&nbsp;<span class=\"mphb-currency\">&euro;<\/span><\/span> <span class=\"mphb-price-period\" title=\"Choose dates to see relevant prices\">per night<\/span>\n\t<\/p>\n\t<div class=\"mphb-view-details-wrapper\">\n<p class=\"mphb-view-details-button-wrapper\">\n<a class=\"button mphb-view-details-button\" href=\"https:\/\/cortijoelalamo.com\/en\/accommodation\/cortijo-el-alamo-ii\/\" >VIEW ROOM<\/a>\n<\/p><\/div><\/div>\n\t\n<\/div>\n\n<div class=\"mphb-room-type post-2679 mphb_room_type type-mphb_room_type status-publish has-post-thumbnail has_thumb odd mphb-room-type-adults-15 mphb-room-type-children-0 \">\n\n\t\n\t\n\n\t<p class=\"post-thumbnail mphb-loop-room-thumbnail\">\n\t<a href=\"https:\/\/cortijoelalamo.com\/en\/accommodation\/cortijo-el-alamo-1-parte-grande\/\">\n\t<img loading=\"lazy\" decoding=\"async\" width=\"1920\" height=\"1080\" src=\"https:\/\/cortijoelalamo.com\/wp-content\/uploads\/2024\/11\/Cortijo_el_Alamo_cocinagrande2-1.jpg\" class=\"attachment-post-thumbnail size-post-thumbnail wp-post-image\" alt=\"\" srcset=\"https:\/\/cortijoelalamo.com\/wp-content\/uploads\/2024\/11\/Cortijo_el_Alamo_cocinagrande2-1.jpg 1920w, https:\/\/cortijoelalamo.com\/wp-content\/uploads\/2024\/11\/Cortijo_el_Alamo_cocinagrande2-1-300x169.jpg 300w, https:\/\/cortijoelalamo.com\/wp-content\/uploads\/2024\/11\/Cortijo_el_Alamo_cocinagrande2-1-1024x576.jpg 1024w, https:\/\/cortijoelalamo.com\/wp-content\/uploads\/2024\/11\/Cortijo_el_Alamo_cocinagrande2-1-768x432.jpg 768w, https:\/\/cortijoelalamo.com\/wp-content\/uploads\/2024\/11\/Cortijo_el_Alamo_cocinagrande2-1-1536x864.jpg 1536w, https:\/\/cortijoelalamo.com\/wp-content\/uploads\/2024\/11\/Cortijo_el_Alamo_cocinagrande2-1-1144x644.jpg 1144w\" sizes=\"auto, (max-width: 1920px) 100vw, 1920px\" \/>\t\t<span class=\"curl-wrapper\">\n\t\t\t<span class=\"curl\"><\/span>\n\t\t<\/span>\t\t\n\t<\/a>\n\n\t<\/p>\n<div class=\"mphb-details-part-wrapper\">\n<h2 class=\"mphb-room-type-title entry-title\">\n\n<a class=\"mphb-room-type-title\" href=\"https:\/\/cortijoelalamo.com\/en\/accommodation\/cortijo-el-alamo-1-parte-grande\/\">Cortijo El \u00c1lamo I: BIG PART<\/a>\n\n<\/h2>\n\n<p>Cortijo El \u00c1lamo I: BIG PART This accommodation includes a base occupancy of 12 people.It is permitted to add up to 3 extra beds, reaching a maximum capacity of 15 [&hellip;]<\/p>\n\n\n<h3 class=\"mphb-room-type-details-title\">Details<\/h3><ul class=\"mphb-loop-room-type-attributes\">\n\n\n\t<li class=\"mphb-room-type-adults-capacity\"><span class=\"mphb-attribute-title mphb-adults-title\">Guests:<\/span><span class=\"mphb-attribute-value\">\n\t15\n\t<\/span><\/li>\n\t\n\n\n\n\n\n\n\n<\/ul>\n\n\t<p class=\"mphb-regular-price\"><strong>Prices start at:<\/strong>\n\t<span class=\"mphb-price\">300&nbsp;<span class=\"mphb-currency\">&euro;<\/span><\/span> <span class=\"mphb-price-period\" title=\"Choose dates to see relevant prices\">per night<\/span>\n\t<\/p>\n\t<div class=\"mphb-view-details-wrapper\">\n<p class=\"mphb-view-details-button-wrapper\">\n<a class=\"button mphb-view-details-button\" href=\"https:\/\/cortijoelalamo.com\/en\/accommodation\/cortijo-el-alamo-1-parte-grande\/\" >VIEW ROOM<\/a>\n<\/p><\/div><\/div>\n\t\n<\/div>\n\n<div class=\"mphb-room-type post-2680 mphb_room_type type-mphb_room_type status-publish has-post-thumbnail has_thumb even mphb-room-type-adults-10 mphb-room-type-children-0 \">\n\n\t\n\t\n\n\t<p class=\"post-thumbnail mphb-loop-room-thumbnail\">\n\t<a href=\"https:\/\/cortijoelalamo.com\/en\/accommodation\/cortijo-el-alamo-1-parte-pequena\/\">\n\t<img loading=\"lazy\" decoding=\"async\" width=\"1920\" height=\"1080\" src=\"https:\/\/cortijoelalamo.com\/wp-content\/uploads\/2025\/11\/Cortijo_el_alamo_sala_de_estar_pequena_noviembre.jpg\" class=\"attachment-post-thumbnail size-post-thumbnail wp-post-image\" alt=\"\" srcset=\"https:\/\/cortijoelalamo.com\/wp-content\/uploads\/2025\/11\/Cortijo_el_alamo_sala_de_estar_pequena_noviembre.jpg 1920w, https:\/\/cortijoelalamo.com\/wp-content\/uploads\/2025\/11\/Cortijo_el_alamo_sala_de_estar_pequena_noviembre-300x169.jpg 300w, https:\/\/cortijoelalamo.com\/wp-content\/uploads\/2025\/11\/Cortijo_el_alamo_sala_de_estar_pequena_noviembre-1024x576.jpg 1024w, https:\/\/cortijoelalamo.com\/wp-content\/uploads\/2025\/11\/Cortijo_el_alamo_sala_de_estar_pequena_noviembre-768x432.jpg 768w, https:\/\/cortijoelalamo.com\/wp-content\/uploads\/2025\/11\/Cortijo_el_alamo_sala_de_estar_pequena_noviembre-1536x864.jpg 1536w, https:\/\/cortijoelalamo.com\/wp-content\/uploads\/2025\/11\/Cortijo_el_alamo_sala_de_estar_pequena_noviembre-1144x644.jpg 1144w\" sizes=\"auto, (max-width: 1920px) 100vw, 1920px\" \/>\t\t<span class=\"curl-wrapper\">\n\t\t\t<span class=\"curl\"><\/span>\n\t\t<\/span>\t\t\n\t<\/a>\n\n\t<\/p>\n<div class=\"mphb-details-part-wrapper\">\n<h2 class=\"mphb-room-type-title entry-title\">\n\n<a class=\"mphb-room-type-title\" href=\"https:\/\/cortijoelalamo.com\/en\/accommodation\/cortijo-el-alamo-1-parte-pequena\/\">Cortijo El \u00c1lamo I: SMALL PART<\/a>\n\n<\/h2>\n\n<p>Cortijo El \u00c1lamo I: SMALL PARTCortijo El \u00c1lamo I: PARTE PEQUE\u00d1A This accommodation has a base occupancy of 8 people, included in the standard rate. Up to 2 extra beds [&hellip;]<\/p>\n\n\n<h3 class=\"mphb-room-type-details-title\">Details<\/h3><ul class=\"mphb-loop-room-type-attributes\">\n\n\n\t<li class=\"mphb-room-type-adults-capacity\"><span class=\"mphb-attribute-title mphb-adults-title\">Guests:<\/span><span class=\"mphb-attribute-value\">\n\t10\n\t<\/span><\/li>\n\t\n\n\n\n\n\n\n\n<\/ul>\n\n\t<p class=\"mphb-regular-price\"><strong>Prices start at:<\/strong>\n\t<span class=\"mphb-price\">200&nbsp;<span class=\"mphb-currency\">&euro;<\/span><\/span> <span class=\"mphb-price-period\" title=\"Choose dates to see relevant prices\">per night<\/span>\n\t<\/p>\n\t<div class=\"mphb-view-details-wrapper\">\n<p class=\"mphb-view-details-button-wrapper\">\n<a class=\"button mphb-view-details-button\" href=\"https:\/\/cortijoelalamo.com\/en\/accommodation\/cortijo-el-alamo-1-parte-pequena\/\" >VIEW ROOM<\/a>\n<\/p><\/div><\/div>\n\t\n<\/div>\n\n<div class=\"mphb-room-type post-2681 mphb_room_type type-mphb_room_type status-publish has-post-thumbnail has_thumb odd mphb-room-type-adults-25 mphb-room-type-children-0 \">\n\n\t\n\t\n\n\t<p class=\"post-thumbnail mphb-loop-room-thumbnail\">\n\t<a href=\"https:\/\/cortijoelalamo.com\/en\/accommodation\/alamo-i\/\">\n\t<img loading=\"lazy\" decoding=\"async\" width=\"1920\" height=\"1080\" src=\"https:\/\/cortijoelalamo.com\/wp-content\/uploads\/2024\/11\/Cortijo_el_Alamo_cocinagrande3-1.jpg\" class=\"attachment-post-thumbnail size-post-thumbnail wp-post-image\" alt=\"\" srcset=\"https:\/\/cortijoelalamo.com\/wp-content\/uploads\/2024\/11\/Cortijo_el_Alamo_cocinagrande3-1.jpg 1920w, https:\/\/cortijoelalamo.com\/wp-content\/uploads\/2024\/11\/Cortijo_el_Alamo_cocinagrande3-1-300x169.jpg 300w, https:\/\/cortijoelalamo.com\/wp-content\/uploads\/2024\/11\/Cortijo_el_Alamo_cocinagrande3-1-1024x576.jpg 1024w, https:\/\/cortijoelalamo.com\/wp-content\/uploads\/2024\/11\/Cortijo_el_Alamo_cocinagrande3-1-768x432.jpg 768w, https:\/\/cortijoelalamo.com\/wp-content\/uploads\/2024\/11\/Cortijo_el_Alamo_cocinagrande3-1-1536x864.jpg 1536w, https:\/\/cortijoelalamo.com\/wp-content\/uploads\/2024\/11\/Cortijo_el_Alamo_cocinagrande3-1-1144x644.jpg 1144w\" sizes=\"auto, (max-width: 1920px) 100vw, 1920px\" \/>\t\t<span class=\"curl-wrapper\">\n\t\t\t<span class=\"curl\"><\/span>\n\t\t<\/span>\t\t\n\t<\/a>\n\n\t<\/p>\n<div class=\"mphb-details-part-wrapper\">\n<h2 class=\"mphb-room-type-title entry-title\">\n\n<a class=\"mphb-room-type-title\" href=\"https:\/\/cortijoelalamo.com\/en\/accommodation\/alamo-i\/\">Cortijo El \u00c1lamo I: COMPLETE<\/a>\n\n<\/h2>\n\n<p>The Cortijo El \u00c1lamo I is a large-capacity rural accommodation, ideal for large groups, families, and celebrations seeking to enjoy the tranquillity of the countryside without giving up comfort. The [&hellip;]<\/p>\n\n\n<h3 class=\"mphb-room-type-details-title\">Details<\/h3><ul class=\"mphb-loop-room-type-attributes\">\n\t<li class=\"mphb-room-type-total-capacity\"><span class=\"mphb-attribute-title mphb-total-capacity-title\">Guests:<\/span><span class=\"mphb-attribute-value\">\n\t25\n\t<\/span><\/li>\t\n\n\n\n\n\n\n\n\n<\/ul>\n\n\t<p class=\"mphb-regular-price\"><strong>Prices start at:<\/strong>\n\t<span class=\"mphb-price\">500&nbsp;<span class=\"mphb-currency\">&euro;<\/span><\/span> <span class=\"mphb-price-period\" title=\"Choose dates to see relevant prices\">per night<\/span>\n\t<\/p>\n\t<div class=\"mphb-view-details-wrapper\">\n<p class=\"mphb-view-details-button-wrapper\">\n<a class=\"button mphb-view-details-button\" href=\"https:\/\/cortijoelalamo.com\/en\/accommodation\/alamo-i\/\" >VIEW ROOM<\/a>\n<\/p><\/div><\/div>\n\t\n<\/div>\n<\/div>[\/vc_column_text][\/vc_column][\/vc_row]<\/p>\n<\/div>","protected":false},"excerpt":{"rendered":"<p>Find the room for your unforgettable stay <\/p>\n","protected":false},"author":1,"featured_media":0,"parent":0,"menu_order":0,"comment_status":"closed","ping_status":"closed","template":"","meta":{"rs_blank_template":"","rs_page_bg_color":"","slide_template_v7":"","footnotes":""},"class_list":["post-4215","page","type-page","status-publish","hentry","has_thumb","even"],"_links":{"self":[{"href":"https:\/\/cortijoelalamo.com\/en\/wp-json\/wp\/v2\/pages\/4215","targetHints":{"allow":["GET"]}}],"collection":[{"href":"https:\/\/cortijoelalamo.com\/en\/wp-json\/wp\/v2\/pages"}],"about":[{"href":"https:\/\/cortijoelalamo.com\/en\/wp-json\/wp\/v2\/types\/page"}],"author":[{"embeddable":true,"href":"https:\/\/cortijoelalamo.com\/en\/wp-json\/wp\/v2\/users\/1"}],"replies":[{"embeddable":true,"href":"https:\/\/cortijoelalamo.com\/en\/wp-json\/wp\/v2\/comments?post=4215"}],"version-history":[{"count":2,"href":"https:\/\/cortijoelalamo.com\/en\/wp-json\/wp\/v2\/pages\/4215\/revisions"}],"predecessor-version":[{"id":4217,"href":"https:\/\/cortijoelalamo.com\/en\/wp-json\/wp\/v2\/pages\/4215\/revisions\/4217"}],"wp:attachment":[{"href":"https:\/\/cortijoelalamo.com\/en\/wp-json\/wp\/v2\/media?parent=4215"}],"curies":[{"name":"wp","href":"https:\/\/api.w.org\/{rel}","templated":true}]}}